{"id":676,"date":"2026-02-27T06:35:51","date_gmt":"2026-02-27T06:35:51","guid":{"rendered":"https:\/\/www.teartester.com\/?post_type=product&#038;p=676"},"modified":"2026-02-27T06:59:52","modified_gmt":"2026-02-27T06:59:52","slug":"tear-tester","status":"publish","type":"product","link":"https:\/\/www.teartester.com\/tr\/product\/tear-tester\/","title":{"rendered":"G\u00f6zya\u015f\u0131 Test Cihaz\u0131"},"content":{"rendered":"<p><strong>G\u00f6zya\u015f\u0131 test cihaz\u0131<\/strong> malzemelerin ilerleyen bir \u00e7atla\u011fa maruz kald\u0131\u011f\u0131nda nas\u0131l davrand\u0131\u011f\u0131n\u0131n de\u011ferlendirilmesinde kritik bir rol oynar. Ambalaj, t\u0131bbi cihazlar, tekstil \u00fcr\u00fcnleri ve end\u00fcstriyel filmlerde y\u0131rt\u0131lma performans\u0131 \u00fcr\u00fcn b\u00fct\u00fcnl\u00fc\u011f\u00fcn\u00fc, t\u00fcketici g\u00fcvenli\u011fini ve mevzuata uygunlu\u011fu do\u011frudan etkiler. Cell Instruments, kalite kontrol laboratuvarlar\u0131 ve Ar-Ge departmanlar\u0131 i\u00e7in g\u00fcvenilir y\u0131rt\u0131lma mukavemeti verileri sa\u011flamak \u00fczere mekanik hassasiyet, dijital kontrol ve uluslararas\u0131 standart uyumlulu\u011funu bir araya getiren geli\u015fmi\u015f y\u0131rt\u0131lma testi \u00e7\u00f6z\u00fcmleri tasarlar.<\/p>\n\n\n\n<p>Basit gerilme \u00f6l\u00e7\u00fcm\u00fcn\u00fcn aksine, y\u0131rt\u0131lma analizi a\u015fa\u011f\u0131dakilere odaklan\u0131r <strong>\u00e7atlak ba\u015flang\u0131c\u0131 ve yay\u0131lmas\u0131<\/strong>, Malzeme dayan\u0131kl\u0131l\u0131\u011f\u0131 hakk\u0131nda daha derin bilgi sa\u011flar. \u0130ster esnek ambalaj filmini, ister kaplamal\u0131 kartonu, kau\u00e7uk levhalar\u0131 veya dokuma kuma\u015f\u0131 de\u011ferlendirmeniz gereksin, uygun \u015fekilde yap\u0131land\u0131r\u0131lm\u0131\u015f bir y\u0131rt\u0131lma test cihaz\u0131 tekrarlanabilir ve standartlara uygun sonu\u00e7lar sa\u011flar.<\/p>\n\n\n\n<h2 class=\"wp-block-heading\">G\u00fcvenilir Malzeme De\u011ferlendirmesi i\u00e7in Y\u0131rt\u0131lma Test Cihaz\u0131<\/h2>\n\n\n\n<p>Bir y\u0131rt\u0131lma test cihaz\u0131, kontroll\u00fc ko\u015fullar alt\u0131nda \u00f6nceden kesilmi\u015f bir numuneyi y\u0131rtmaya devam etmek i\u00e7in gereken kuvveti \u00f6l\u00e7er. M\u00fchendisler bu verileri genellikle ambalaj ar\u0131zas\u0131, conta kopmas\u0131 veya ta\u015f\u0131ma s\u0131ras\u0131nda kuma\u015f hasar\u0131n\u0131 tahmin etmek i\u00e7in kullan\u0131r.<\/p>\n\n\n\n<p>Cell Instruments entegre olur:<\/p>\n\n\n\n<ul class=\"wp-block-list\">\n<li>7\u2033 HMI dokunmatik ekranl\u0131 PLC g\u00fcd\u00fcml\u00fc kontrol<\/li>\n\n\n\n<li>Sabit yer de\u011fi\u015ftirme i\u00e7in hassas bilyal\u0131 k\u0131lavuz vida<\/li>\n\n\n\n<li>1-500 mm\/dak aras\u0131nda ayarlanabilir h\u0131z<\/li>\n\n\n\n<li>0,5% tam \u00f6l\u00e7e\u011fe kadar do\u011fruluk<\/li>\n\n\n\n<li>Yer de\u011fi\u015ftirme hassasiyeti \u00b10,01 mm<\/li>\n\n\n\n<li>\u00c7oklu y\u00fck h\u00fccresi se\u00e7enekleri (50 N ila 1 kN)<\/li>\n<\/ul>\n\n\n\n<p>Bu \u00f6zellikler, operat\u00f6rlerin y\u0131rt\u0131lma test cihaz\u0131n\u0131 malzeme t\u00fcr\u00fcne ve ge\u00e7erli standarda g\u00f6re hassas bir \u015fekilde yap\u0131land\u0131rmas\u0131na olanak tan\u0131r.<\/p>\n\n\n\n<h2 class=\"wp-block-heading\">Graves Y\u0131rt\u0131lma Testi i\u00e7in Y\u0131rt\u0131lma Test Cihaz\u0131<\/h2>\n\n\n\n<p>Graves y\u0131rt\u0131lma testi, \u015fu \u015fekilde tan\u0131mlanm\u0131\u015ft\u0131r <strong>ASTM D624<\/strong>, vulkanize kau\u00e7uk ve elastomerlerin y\u0131rt\u0131lma direncini kal\u0131pla kesilmi\u015f numuneler kullanarak de\u011ferlendirir. Bu y\u00f6ntem i\u00e7in yap\u0131land\u0131r\u0131lm\u0131\u015f bir y\u0131rt\u0131lma test cihaz\u0131, \u00e7entikli bir numuneye \u00e7ekme kuvveti uygular ve y\u0131rt\u0131lma yay\u0131l\u0131m\u0131 s\u0131ras\u0131nda tepe kuvvetini \u00f6l\u00e7er.<\/p>\n\n\n\n<p>Bu y\u00f6ntem, conta, conta ve esnek bile\u015fen \u00fcreticilerinin stres alt\u0131nda \u00e7atlak b\u00fcy\u00fcmesine kar\u015f\u0131 direnci belirlemelerine yard\u0131mc\u0131 olur. Do\u011fru kavrama hizalamas\u0131 ve h\u0131z kontrol\u00fc, test tekrarlanabilirli\u011fini \u00f6nemli \u00f6l\u00e7\u00fcde etkiler.<\/p>\n\n\n\n<h2 class=\"wp-block-heading\">Trapezoidal Y\u0131rt\u0131lma Testi i\u00e7in Y\u0131rt\u0131lma Test Cihaz\u0131<\/h2>\n\n\n\n<p>Trapezoidal y\u0131rt\u0131lma testi, referans olarak <strong>ASTM D4533<\/strong>, kuma\u015flar\u0131n ve nonwovenlar\u0131n y\u0131rt\u0131lma direncini \u00f6l\u00e7er. Numune geometrisi, kontroll\u00fc y\u0131rt\u0131lmay\u0131 ba\u015flatan bir stres konsantrasyonu olu\u015fturur.<\/p>\n\n\n\n<p>Tekstil ve jeotekstil end\u00fcstrilerindeki kalite kontrol ekipleri, kuma\u015f dayan\u0131kl\u0131l\u0131\u011f\u0131n\u0131 kar\u015f\u0131la\u015ft\u0131rmak i\u00e7in bu y\u00f6nteme g\u00fcvenmektedir. D\u00fczg\u00fcn kalibre edilmi\u015f bir y\u0131rt\u0131lma test cihaz\u0131, sabit y\u00fckleme h\u0131z\u0131 ve tutarl\u0131 y\u0131rt\u0131lma yolu sa\u011flar.<\/p>\n\n\n\n<h2 class=\"wp-block-heading\">ISO ve ASTM'ye G\u00f6re Dil Y\u0131rt\u0131lma Testi<\/h2>\n\n\n\n<p>Dil y\u0131rt\u0131lmas\u0131 testi, bir <strong>ISO 13937-2<\/strong> ve <strong>ASTM D2261<\/strong>, tekstil malzemelerinde bir kesi\u011fi yaymak i\u00e7in gereken kuvveti \u00f6l\u00e7er.<\/p>\n\n\n\n<p>Bu y\u00f6ntem giysilerde, end\u00fcstriyel kuma\u015flarda ve hava yast\u0131klar\u0131nda ger\u00e7ek hayattaki y\u0131rt\u0131lma ko\u015fullar\u0131n\u0131 sim\u00fcle eder. Operat\u00f6rler merkezi bir kesikle dikd\u00f6rtgen bir numune haz\u0131rlar, her iki baca\u011f\u0131 s\u0131k\u0131\u015ft\u0131r\u0131r ve y\u0131rt\u0131lma ilerleyene kadar \u00e7ekme kuvveti uygular. Y\u0131rt\u0131lma test cihaz\u0131, raporlama i\u00e7in tepe ve ortalama kuvvet de\u011ferlerini kaydeder.<\/p>\n\n\n\n<h2 class=\"wp-block-heading\">Plastik Film i\u00e7in Pantolon Y\u0131rt\u0131lma Testi ve Tekli Y\u0131rt\u0131lma Testi<\/h2>\n\n\n\n<p>Pantolon y\u0131rt\u0131lma testi ve tekli y\u0131rt\u0131lma testi, esnek plastik malzemeleri ve ince tabakalar\u0131 de\u011ferlendirir. Gibi standartlar <strong>ISO 6383-1<\/strong> ve <strong>ASTM D1938<\/strong> Numune geometrisini ve test h\u0131z\u0131n\u0131 tan\u0131mlay\u0131n.<\/p>\n\n\n\n<p>Esnek ambalaj \u00fcreticileri i\u00e7in plastik filmin y\u0131rt\u0131lma mukavemeti, a\u00e7\u0131labilirli\u011fi ve mekanik dayan\u0131kl\u0131l\u0131\u011f\u0131 do\u011frudan etkiler. Dengeli y\u0131rt\u0131lma direnci, t\u00fcketicilerin ambalajlar\u0131 ta\u015f\u0131ma s\u0131ras\u0131nda kazara y\u0131rt\u0131lmadan kolayca a\u00e7abilmesini sa\u011flar.<\/p>\n\n\n\n<h2 class=\"wp-block-heading\">Ka\u011f\u0131t ve Kartonlar\u0131n Y\u0131rt\u0131lma Direnci Testi<\/h2>\n\n\n\n<p>Ka\u011f\u0131d\u0131n y\u0131rt\u0131lma direnci testi, mukavva, oluklu malzemeler ve \u00f6zel ka\u011f\u0131tlar\u0131n y\u0131rt\u0131lma yay\u0131lmas\u0131na nas\u0131l diren\u00e7 g\u00f6sterdi\u011fini belirler. Elmendorf sarka\u00e7 y\u00f6ntemleri yayg\u0131n olmas\u0131na ra\u011fmen, \u00e7ekme tipi y\u0131rt\u0131lma test cihaz\u0131 konfig\u00fcrasyonlar\u0131 \u00f6zel y\u00f6ntemleri ve ara\u015ft\u0131rma uygulamalar\u0131n\u0131 destekler.<\/p>\n\n\n\n<p>A\u015fa\u011f\u0131daki gibi standartlar <strong>ASTM D1004<\/strong> ve <strong>ASTM D5587<\/strong> filmlere ve kaplanm\u0131\u015f alt tabakalara uygulanabilirli\u011fi daha da geni\u015fletir.<\/p>\n\n\n\n<p>Ambalaj m\u00fchendisleri i\u00e7in y\u0131rt\u0131lma performans\u0131n\u0131 anlamak, elyaf y\u00f6n\u00fcn\u00fc, kaplama form\u00fclasyonunu ve laminat yap\u0131s\u0131n\u0131 optimize etmeye yard\u0131mc\u0131 olur.<\/p>\n\n\n\n<h2 class=\"wp-block-heading\">Kuma\u015f ve Kaplamal\u0131 Malzemelerin Y\u0131rt\u0131lma Testi<\/h2>\n\n\n\n<p>Kuma\u015f y\u0131rt\u0131lma testi, kaplamal\u0131 tekstiller ve end\u00fcstriyel kompozitler i\u00e7in de ge\u00e7erlidir. <strong>ASTM D751<\/strong>. Bu malzemeler genellikle \u015fi\u015firilebilir yap\u0131larda, brandalarda ve koruyucu \u00f6rt\u00fclerde kullan\u0131l\u0131r. Y\u0131rt\u0131lma direnci, hizmet \u00f6mr\u00fcn\u00fc ve g\u00fcvenlik performans\u0131n\u0131 do\u011frudan etkiler.<\/p>\n\n\n\n<p>De\u011fi\u015ftirilebilir tutamaklara sahip \u00e7ok y\u00f6nl\u00fc bir y\u0131rt\u0131lma test cihaz\u0131, \u00e7ekme, soyma ve y\u0131rt\u0131lma modlar\u0131 aras\u0131nda h\u0131zl\u0131 fikst\u00fcr de\u011fi\u015fimini destekleyerek laboratuvar verimlili\u011fini art\u0131r\u0131r.<\/p>\n\n\n\n<h2 class=\"wp-block-heading\">G\u00f6zya\u015f\u0131 Test Cihaz\u0131 Nas\u0131l \u00c7al\u0131\u015f\u0131r?<\/h2>\n\n\n\n<p>Tipik bir test s\u00fcreci \u015funlar\u0131 i\u00e7erir:<\/p>\n\n\n\n<ol class=\"wp-block-list\">\n<li>Numunelerin se\u00e7ilen standarda g\u00f6re haz\u0131rlanmas\u0131<\/li>\n\n\n\n<li>Tan\u0131mlanm\u0131\u015f bir \u00f6n kesik veya \u00e7enti\u011fin tan\u0131t\u0131lmas\u0131<\/li>\n\n\n\n<li>Numunenin g\u00fcvenli bir \u015fekilde s\u0131k\u0131\u015ft\u0131r\u0131lmas\u0131<\/li>\n\n\n\n<li>Test h\u0131z\u0131n\u0131 ve y\u00fck h\u00fccresi parametrelerini ayarlama<\/li>\n\n\n\n<li>Dokunmatik ekran aray\u00fcz\u00fc ile testin ba\u015flat\u0131lmas\u0131<\/li>\n\n\n\n<li>Pik kuvvet, ortalama kuvvet ve y\u0131rt\u0131lma yay\u0131lma davran\u0131\u015f\u0131n\u0131n kaydedilmesi<\/li>\n<\/ol>\n\n\n\n<p>Sistem tamamland\u0131ktan sonra otomatik olarak ba\u015flang\u0131\u00e7 konumuna d\u00f6ner. Operat\u00f6rler sonu\u00e7lar\u0131 RS-232 veya dok\u00fcmantasyon i\u00e7in iste\u011fe ba\u011fl\u0131 mikro yaz\u0131c\u0131 arac\u0131l\u0131\u011f\u0131yla d\u0131\u015fa aktarabilir.<\/p>\n\n\n\n<p><strong>Sonu\u00e7 \u00e7\u0131kt\u0131lar\u0131 tipik olarak \u015funlar\u0131 i\u00e7erir:<\/strong><\/p>\n\n\n\n<ul class=\"wp-block-list\">\n<li>Maksimum y\u0131rt\u0131lma kuvveti (N)<\/li>\n\n\n\n<li>Y\u0131rt\u0131lma yay\u0131lma kuvveti<\/li>\n\n\n\n<li>Y\u0131rt\u0131lmada uzama<\/li>\n\n\n\n<li>Y\u00fck-deplasman e\u011frisi<\/li>\n<\/ul>\n\n\n\n<p>Bu metrikler \u00fcr\u00fcn kar\u015f\u0131la\u015ft\u0131rmas\u0131n\u0131, malzeme geli\u015ftirmeyi ve uygunluk do\u011frulamas\u0131n\u0131 destekler.<\/p>\n\n\n\n<h2 class=\"wp-block-heading\">Neden Cell Instruments Y\u0131rt\u0131lma Test Cihaz\u0131n\u0131 Se\u00e7melisiniz<\/h2>\n\n\n\n<p>Cell Instruments mekanik kararl\u0131l\u0131\u011f\u0131 dijital zeka ile birle\u015ftirir:<\/p>\n\n\n\n<ul class=\"wp-block-list\">\n<li>Uzun s\u00fcreli g\u00fcvenilirlik i\u00e7in end\u00fcstriyel s\u0131n\u0131f \u00e7er\u00e7eve<\/li>\n\n\n\n<li>K\u0131r\u0131lma, uzama, soyulma ve y\u0131rt\u0131lma i\u00e7in yerle\u015fik test programlar\u0131<\/li>\n\n\n\n<li>800mm'ye kadar \u00f6zelle\u015ftirilebilir strok<\/li>\n\n\n\n<li>\u00c7ok sekt\u00f6rl\u00fc uyarlanabilirlik<\/li>\n<\/ul>\n\n\n\n<p>M\u00fchendislik ekibimiz ayr\u0131ca \u00f6zel g\u00f6zya\u015f\u0131 testi konfig\u00fcrasyonlar\u0131na g\u00f6re \u00f6zelle\u015ftirilmi\u015f fikst\u00fcrler ve otomasyon y\u00fckseltmeleri sa\u011flar.<\/p>\n\n\n\n<p><\/p>","protected":false},"featured_media":0,"parent":0,"template":"","meta":{"_acf_changed":false},"product-category":[37,40,41,42,43,44,45,47,31,49,50,35,33,32,34],"class_list":["post-676","product","type-product","status-publish","hentry","product-category-astm-d1004","product-category-astm-d1938","product-category-astm-d2261","product-category-astm-d4533","product-category-astm-d5587","product-category-astm-d5884","product-category-astm-d624","product-category-astm-d751","product-category-graves-tear-test","product-category-iso-13937-2","product-category-iso-13937-3","product-category-single-tear-test","product-category-tongue-tear-test","product-category-trapezoidal-tear-test","product-category-trouser-tear-test"],"acf":[],"_links":{"self":[{"href":"https:\/\/www.teartester.com\/tr\/wp-json\/wp\/v2\/product\/676","targetHints":{"allow":["GET"]}}],"collection":[{"href":"https:\/\/www.teartester.com\/tr\/wp-json\/wp\/v2\/product"}],"about":[{"href":"https:\/\/www.teartester.com\/tr\/wp-json\/wp\/v2\/types\/product"}],"wp:attachment":[{"href":"https:\/\/www.teartester.com\/tr\/wp-json\/wp\/v2\/media?parent=676"}],"wp:term":[{"taxonomy":"product-category","embeddable":true,"href":"https:\/\/www.teartester.com\/tr\/wp-json\/wp\/v2\/product-category?post=676"}],"curies":[{"name":"wp","href":"https:\/\/api.w.org\/{rel}","templated":true}]}}